{"id":779,"date":"2020-05-26T13:41:01","date_gmt":"2020-05-26T11:41:01","guid":{"rendered":"https:\/\/hgeerenburg.nl\/duurzame-aanpak\/"},"modified":"2020-05-27T15:01:42","modified_gmt":"2020-05-27T13:01:42","slug":"zrownowazony-rozwoj","status":"publish","type":"page","link":"https:\/\/hgeerenburg.nl\/pl\/zrownowazony-rozwoj\/","title":{"rendered":"Zr\u00f3wnowa\u017cony rozw\u00f3j"},"content":{"rendered":"","protected":false},"excerpt":{"rendered":"","protected":false},"author":1,"featured_media":0,"parent":0,"menu_order":3,"comment_status":"closed","ping_status":"closed","template":"","meta":{"footnotes":""},"class_list":["post-779","page","type-page","status-publish","hentry"],"_links":{"self":[{"href":"https:\/\/hgeerenburg.nl\/pl\/wp-json\/wp\/v2\/pages\/779","targetHints":{"allow":["GET"]}}],"collection":[{"href":"https:\/\/hgeerenburg.nl\/pl\/wp-json\/wp\/v2\/pages"}],"about":[{"href":"https:\/\/hgeerenburg.nl\/pl\/wp-json\/wp\/v2\/types\/page"}],"author":[{"embeddable":true,"href":"https:\/\/hgeerenburg.nl\/pl\/wp-json\/wp\/v2\/users\/1"}],"replies":[{"embeddable":true,"href":"https:\/\/hgeerenburg.nl\/pl\/wp-json\/wp\/v2\/comments?post=779"}],"version-history":[{"count":3,"href":"https:\/\/hgeerenburg.nl\/pl\/wp-json\/wp\/v2\/pages\/779\/revisions"}],"predecessor-version":[{"id":784,"href":"https:\/\/hgeerenburg.nl\/pl\/wp-json\/wp\/v2\/pages\/779\/revisions\/784"}],"wp:attachment":[{"href":"https:\/\/hgeerenburg.nl\/pl\/wp-json\/wp\/v2\/media?parent=779"}],"curies":[{"name":"wp","href":"https:\/\/api.w.org\/{rel}","templated":true}]}}